{"id":58743,"date":"2025-01-19T21:57:32","date_gmt":"2025-01-19T20:57:32","guid":{"rendered":"https:\/\/akademie.annour.co\/?page_id=58743"},"modified":"2025-01-19T21:59:30","modified_gmt":"2025-01-19T20:59:30","slug":"impressum","status":"publish","type":"page","link":"https:\/\/akademie.annour.co\/tr\/impressum\/","title":{"rendered":"K\u00fcnye"},"content":{"rendered":"<div data-elementor-type=\"wp-page\" data-elementor-id=\"58743\" class=\"elementor elementor-58743\" data-elementor-post-type=\"page\">\n\t\t\t\t<div class=\"elementor-element elementor-element-a00ab53 e-flex e-con-boxed e-con e-parent\" data-id=\"a00ab53\" data-element_type=\"container\" data-e-type=\"container\">\n\t\t\t\t\t<div class=\"e-con-inner\">\n\t\t\t\t<div class=\"elementor-element elementor-element-2bf8737 elementor-widget elementor-widget-text-editor\" data-id=\"2bf8737\" data-element_type=\"widget\" data-e-type=\"widget\" data-widget_type=\"text-editor.default\">\n\t\t\t\t<div class=\"elementor-widget-container\">\n\t\t\t\t\t\t\t\t\t<p><b><span data-contrast=\"auto\">K\u00fcnye<\/span><\/b><span data-ccp-props=\"{&quot;201341983&quot;:0,&quot;335559739&quot;:0,&quot;335559740&quot;:240}\">\u00a0<\/span><\/p><p><span data-contrast=\"auto\">Madde 5 DDG'ye g\u00f6re<\/span><span data-ccp-props=\"{&quot;201341983&quot;:0,&quot;335559739&quot;:0,&quot;335559740&quot;:240}\">\u00a0<\/span><\/p><p>\u00a0<\/p><p><b><span data-contrast=\"auto\">Sorumlu ki\u015fi:<\/span><\/b><span data-ccp-props=\"{&quot;201341983&quot;:0,&quot;335559739&quot;:0,&quot;335559740&quot;:240}\">\u00a0<\/span><\/p><p><span data-contrast=\"auto\">Mohanned Ayub<\/span><span data-ccp-props=\"{&quot;201341983&quot;:0,&quot;335559739&quot;:0,&quot;335559740&quot;:240}\">\u00a0<\/span><\/p><p><span data-contrast=\"auto\">Nour \u0130slam Akademisi<\/span><span data-ccp-props=\"{&quot;201341983&quot;:0,&quot;335559739&quot;:0,&quot;335559740&quot;:240}\">\u00a0<\/span><\/p><p><span data-contrast=\"auto\">Kruppstrasse 76<\/span><span data-ccp-props=\"{&quot;201341983&quot;:0,&quot;335559739&quot;:0,&quot;335559740&quot;:240}\">\u00a0<\/span><\/p><p><span data-contrast=\"auto\">42113 Wuppertal<\/span><span data-ccp-props=\"{&quot;201341983&quot;:0,&quot;335559739&quot;:0,&quot;335559740&quot;:240}\">\u00a0<\/span><\/p><p><span data-contrast=\"auto\">Almanya<\/span><span data-ccp-props=\"{&quot;201341983&quot;:0,&quot;335559739&quot;:0,&quot;335559740&quot;:240}\">\u00a0<\/span><\/p><p><span data-contrast=\"auto\">UStG \u00a7 19'a g\u00f6re k\u00fc\u00e7\u00fck i\u015fletmeler<\/span><span data-ccp-props=\"{&quot;201341983&quot;:0,&quot;335559739&quot;:0,&quot;335559740&quot;:240}\">\u00a0<\/span><\/p><p><span data-contrast=\"auto\">Posta: <\/span><a href=\"mailto:info@annour.co\"><span data-contrast=\"none\">info@annour.co<\/span><\/a><span data-ccp-props=\"{&quot;201341983&quot;:0,&quot;335559739&quot;:0,&quot;335559740&quot;:240}\">\u00a0<\/span><\/p><p><span data-contrast=\"auto\">WhatsApp: +49 1512 8962120<\/span><span data-ccp-props=\"{&quot;201341983&quot;:0,&quot;335559739&quot;:0,&quot;335559740&quot;:240}\">\u00a0<\/span><\/p><p><span data-contrast=\"auto\">Pzt-Cuma 9:00-18:00 saatleri aras\u0131nda mevcuttur<\/span><span data-ccp-props=\"{&quot;201341983&quot;:0,&quot;335559739&quot;:0,&quot;335559740&quot;:240}\">\u00a0<\/span><\/p><p><span data-ccp-props=\"{&quot;201341983&quot;:0,&quot;335559739&quot;:0,&quot;335559740&quot;:240}\">\u00a0<\/span><\/p><p><b><span data-contrast=\"auto\">Telif Hakk\u0131<\/span><\/b><span data-ccp-props=\"{&quot;201341983&quot;:0,&quot;335559739&quot;:0,&quot;335559740&quot;:240}\">\u00a0<\/span><\/p><p><span data-contrast=\"auto\">Bu sayfalarda site operat\u00f6rleri taraf\u0131ndan olu\u015fturulan i\u00e7erik ve eserler telif hakk\u0131 korumas\u0131na tabidir. Web sitesi metinlerinin \u00a7 7 UrhG anlam\u0131nda yazar\u0131 Mohanned Ayub'dur.<\/span><span data-ccp-props=\"{&quot;201341983&quot;:0,&quot;335559739&quot;:0,&quot;335559740&quot;:240}\">\u00a0<\/span><\/p><p><span data-contrast=\"auto\">\u00c7o\u011faltma, i\u015fleme, da\u011f\u0131t\u0131m ve telif hakk\u0131 yasas\u0131n\u0131n s\u0131n\u0131rlar\u0131 d\u0131\u015f\u0131ndaki her t\u00fcrl\u00fc kullan\u0131m, ilgili yazar\u0131n yaz\u0131l\u0131 onay\u0131n\u0131 gerektirir. Bu sitenin indirilmesine ve kopyalanmas\u0131na yaln\u0131zca \u00f6zel, ticari olmayan kullan\u0131m i\u00e7in izin verilir.<\/span><span data-ccp-props=\"{&quot;201341983&quot;:0,&quot;335559739&quot;:0,&quot;335559740&quot;:240}\">\u00a0<\/span><\/p><p><span data-contrast=\"auto\">Bu sitedeki i\u00e7erik operat\u00f6r taraf\u0131ndan olu\u015fturulmad\u0131\u011f\u0131 s\u00fcrece, \u00fc\u00e7\u00fcnc\u00fc taraflar\u0131n telif haklar\u0131na sayg\u0131 duyulur. \u00d6zellikle, \u00fc\u00e7\u00fcnc\u00fc taraf i\u00e7eri\u011fi bu \u015fekilde etiketlenmi\u015ftir. Yine de bir telif hakk\u0131 ihlalinden haberdar olursan\u0131z, l\u00fctfen bizi uygun \u015fekilde bilgilendirin. Herhangi bir ihlalden haberdar olursak, bu t\u00fcr i\u00e7eri\u011fi derhal kald\u0131raca\u011f\u0131z.<\/span><span data-ccp-props=\"{&quot;201341983&quot;:0,&quot;335559739&quot;:0,&quot;335559740&quot;:240}\">\u00a0<\/span><\/p><p><span data-ccp-props=\"{&quot;201341983&quot;:0,&quot;335559739&quot;:0,&quot;335559740&quot;:240}\">\u00a0<\/span><\/p><p><b><span data-contrast=\"auto\">Sorumluluk reddi (feragatname)<\/span><\/b><span data-ccp-props=\"{&quot;201341983&quot;:0,&quot;335559739&quot;:0,&quot;335559740&quot;:240}\">\u00a0<\/span><\/p><p><span data-contrast=\"auto\">Web sitemizin i\u00e7eri\u011fi b\u00fcy\u00fck bir \u00f6zenle derlenmi\u015ftir. Ancak, i\u00e7eri\u011fin do\u011frulu\u011fu, eksiksizli\u011fi ve g\u00fcncelli\u011fi konusunda herhangi bir sorumluluk kabul edemeyiz. Bir telemedya sa\u011flay\u0131c\u0131s\u0131 olarak \u00a7\u00a7 21 ff. uyar\u0131nca sorumluyuz. TDDDG uyar\u0131nca, bu sayfalardaki kendi i\u00e7eri\u011fimizden genel yasalara uygun olarak sorumluyuz. Bununla birlikte, yeni TDDDG'ye g\u00f6re, bir telemedya sa\u011flay\u0131c\u0131s\u0131 olarak, iletilen veya depolanan \u00fc\u00e7\u00fcnc\u00fc taraf bilgilerini izlemek veya yasa d\u0131\u015f\u0131 faaliyetlere i\u015faret eden durumlar\u0131 ara\u015ft\u0131rmak zorunda de\u011filiz. Yine de bu t\u00fcr ger\u00e7eklerden haberdar olursak, ilgili i\u00e7eri\u011fi derhal kald\u0131raca\u011f\u0131z.<\/span><span data-ccp-props=\"{&quot;201341983&quot;:0,&quot;335559739&quot;:0,&quot;335559740&quot;:240}\">\u00a0<\/span><\/p><p><span data-ccp-props=\"{&quot;201341983&quot;:0,&quot;335559739&quot;:0,&quot;335559740&quot;:240}\">\u00a0<\/span><\/p><p><b><span data-contrast=\"auto\">Ba\u011flant\u0131lar i\u00e7in sorumluluk<\/span><\/b><span data-ccp-props=\"{&quot;201341983&quot;:0,&quot;335559739&quot;:0,&quot;335559740&quot;:240}\">\u00a0<\/span><\/p><p><span data-contrast=\"auto\">Web sitemiz, i\u00e7eri\u011fi \u00fczerinde hi\u00e7bir etkimiz olmayan harici \u00fc\u00e7\u00fcnc\u00fc taraf web sitelerine ba\u011flant\u0131lar i\u00e7ermektedir. Bu nedenle, bu \u00fc\u00e7\u00fcnc\u00fc taraf i\u00e7eri\u011fi i\u00e7in herhangi bir sorumluluk kabul edemeyiz. Ba\u011flant\u0131l\u0131 sayfalar\u0131n i\u00e7eri\u011finden her zaman sayfalar\u0131n ilgili sa\u011flay\u0131c\u0131s\u0131 veya operat\u00f6r\u00fc sorumludur.<\/span><span data-ccp-props=\"{&quot;201341983&quot;:0,&quot;335559739&quot;:0,&quot;335559740&quot;:240}\">\u00a0<\/span><\/p><p><span data-contrast=\"auto\">Ba\u011flant\u0131 verilen sayfalar ba\u011flant\u0131 s\u0131ras\u0131nda olas\u0131 yasal ihlallere kar\u015f\u0131 kontrol edilmi\u015ftir. Ba\u011flant\u0131 verildi\u011fi s\u0131rada yasa d\u0131\u015f\u0131 i\u00e7erikler tespit edilememi\u015ftir. Ancak, ba\u011flant\u0131l\u0131 sayfalar\u0131n i\u00e7eri\u011finin s\u00fcrekli olarak izlenmesi, bir ihlalin somut kan\u0131t\u0131 olmadan makul de\u011fildir. Herhangi bir yasal ihlalden haberdar olursak, bu t\u00fcr ba\u011flant\u0131lar\u0131 derhal kald\u0131raca\u011f\u0131z.<\/span><span data-ccp-props=\"{&quot;201341983&quot;:0,&quot;335559739&quot;:0,&quot;335559740&quot;:240}\">\u00a0<\/span><\/p><p><span data-ccp-props=\"{&quot;201341983&quot;:0,&quot;335559739&quot;:0,&quot;335559740&quot;:240}\">\u00a0<\/span><\/p><p><b><span data-contrast=\"auto\">T\u00fcketici Uyu\u015fmazl\u0131klar\u0131n\u0131n \u00c7\u00f6z\u00fcm\u00fc Yasas\u0131 (VSBG) uyar\u0131nca uyu\u015fmazl\u0131k \u00e7\u00f6z\u00fcm prosed\u00fcr\u00fc hakk\u0131nda bilgi<\/span><\/b><span data-ccp-props=\"{&quot;201341983&quot;:0,&quot;335559739&quot;:0,&quot;335559740&quot;:240}\">\u00a0<\/span><\/p><p><span data-contrast=\"auto\">AB Komisyonu'nun \u00e7evrimi\u00e7i uyu\u015fmazl\u0131k \u00e7\u00f6z\u00fcm\u00fc platformu:<\/span><a href=\"https:\/\/ec.europa.eu\/consumers\/odr\"><span data-contrast=\"none\">https:\/\/ec.europa.eu\/consumers\/odr<\/span><\/a><span data-contrast=\"auto\">.\u00a0<\/span><span data-ccp-props=\"{&quot;201341983&quot;:0,&quot;335559739&quot;:0,&quot;335559740&quot;:240}\">\u00a0<\/span><\/p><p><span data-contrast=\"auto\">Bir t\u00fcketici hakem heyeti nezdindeki uyu\u015fmazl\u0131k \u00e7\u00f6z\u00fcm i\u015flemlerine kat\u0131lmakla ne y\u00fck\u00fcml\u00fcy\u00fcz ne de buna istekliyiz.<\/span><span data-ccp-props=\"{&quot;201341983&quot;:0,&quot;335559739&quot;:0,&quot;335559740&quot;:240}\">\u00a0<\/span><\/p>\t\t\t\t\t\t\t\t<\/div>\n\t\t\t\t<\/div>\n\t\t\t\t\t<\/div>\n\t\t\t\t<\/div>\n\t\t\t\t<\/div>","protected":false},"excerpt":{"rendered":"<p>Impressum\u00a0 gem\u00e4\u00df \u00a7 5 DDG\u00a0 \u00a0 Verantwortlicher:\u00a0 Mohanned Ayub\u00a0 Nour Islam Akademie\u00a0 Kruppstra\u00dfe 76\u00a0 42113 Wuppertal\u00a0 Deutschland\u00a0 Kleinunternehmer gem\u00e4\u00df \u00a7 19 UStG\u00a0 Mail: info@annour.co\u00a0 WhatsApp: +49 1512 8962120\u202c\u00a0 Erreichbar Mo-Fr von 9:00-18:00 Uhr\u00a0 \u00a0 Urheberrecht\u00a0 Die durch die Seitenbetreiber erstellten Inhalte und Werke auf diesen Seiten unterliegen dem urheberrechtlichen Schutz. Urheber der Webseitentexte im Sinne<a href=\"https:\/\/akademie.annour.co\/tr\/impressum\/\" class=\"more-link\"><span class=\"screen-reader-text\">K\u00fcnye<\/span><\/a><\/p>","protected":false},"author":425,"featured_media":0,"parent":0,"menu_order":0,"comment_status":"closed","ping_status":"closed","template":"","meta":{"pmpro_default_level":"","footnotes":""},"class_list":["post-58743","page","type-page","status-publish","hentry","pmpro-has-access"],"yoast_head":"<!-- This site is optimized with the Yoast SEO plugin v27.2 - https:\/\/yoast.com\/product\/yoast-seo-wordpress\/ -->\n<title>Impressum - Nour Islam Akademie<\/title>\n<meta name=\"robots\" content=\"index, follow, max-snippet:-1, max-image-preview:large, max-video-preview:-1\" \/>\n<link rel=\"canonical\" href=\"https:\/\/akademie.annour.co\/tr\/impressum\/\" \/>\n<meta property=\"og:locale\" content=\"tr_TR\" \/>\n<meta property=\"og:type\" content=\"article\" \/>\n<meta property=\"og:title\" content=\"Impressum - Nour Islam Akademie\" \/>\n<meta property=\"og:description\" content=\"Impressum\u00a0 gem\u00e4\u00df \u00a7 5 DDG\u00a0 \u00a0 Verantwortlicher:\u00a0 Mohanned Ayub\u00a0 Nour Islam Akademie\u00a0 Kruppstra\u00dfe 76\u00a0 42113 Wuppertal\u00a0 Deutschland\u00a0 Kleinunternehmer gem\u00e4\u00df \u00a7 19 UStG\u00a0 Mail: info@annour.co\u00a0 WhatsApp: +49 1512 8962120\u202c\u00a0 Erreichbar Mo-Fr von 9:00-18:00 Uhr\u00a0 \u00a0 Urheberrecht\u00a0 Die durch die Seitenbetreiber erstellten Inhalte und Werke auf diesen Seiten unterliegen dem urheberrechtlichen Schutz. Urheber der Webseitentexte im SinneImpressum\" \/>\n<meta property=\"og:url\" content=\"https:\/\/akademie.annour.co\/tr\/impressum\/\" \/>\n<meta property=\"og:site_name\" content=\"Nour Islam Akademie\" \/>\n<meta property=\"article:modified_time\" content=\"2025-01-19T20:59:30+00:00\" \/>\n<meta property=\"og:image\" content=\"https:\/\/akademie.annour.co\/wp-content\/uploads\/2026\/02\/Nalain-Nour-Logo-web-scaled.png\" \/>\n\t<meta property=\"og:image:width\" content=\"2560\" \/>\n\t<meta property=\"og:image:height\" content=\"2560\" \/>\n\t<meta property=\"og:image:type\" content=\"image\/png\" \/>\n<meta name=\"twitter:card\" content=\"summary_large_image\" \/>\n<meta name=\"twitter:label1\" content=\"Tahmini okuma s\u00fcresi\" \/>\n\t<meta name=\"twitter:data1\" content=\"2 dakika\" \/>\n<script type=\"application\/ld+json\" class=\"yoast-schema-graph\">{\"@context\":\"https:\/\/schema.org\",\"@graph\":[{\"@type\":\"WebPage\",\"@id\":\"https:\/\/akademie.annour.co\/impressum\/\",\"url\":\"https:\/\/akademie.annour.co\/impressum\/\",\"name\":\"Impressum - Nour Islam Akademie\",\"isPartOf\":{\"@id\":\"https:\/\/akademie.annour.co\/#website\"},\"datePublished\":\"2025-01-19T20:57:32+00:00\",\"dateModified\":\"2025-01-19T20:59:30+00:00\",\"breadcrumb\":{\"@id\":\"https:\/\/akademie.annour.co\/impressum\/#breadcrumb\"},\"inLanguage\":\"tr\",\"potentialAction\":[{\"@type\":\"ReadAction\",\"target\":[\"https:\/\/akademie.annour.co\/impressum\/\"]}]},{\"@type\":\"BreadcrumbList\",\"@id\":\"https:\/\/akademie.annour.co\/impressum\/#breadcrumb\",\"itemListElement\":[{\"@type\":\"ListItem\",\"position\":1,\"name\":\"Startseite\",\"item\":\"https:\/\/akademie.annour.co\/\"},{\"@type\":\"ListItem\",\"position\":2,\"name\":\"Impressum\"}]},{\"@type\":\"WebSite\",\"@id\":\"https:\/\/akademie.annour.co\/#website\",\"url\":\"https:\/\/akademie.annour.co\/\",\"name\":\"Nour Islam Akademie\",\"description\":\"Authentisches islamisches Wissen\",\"publisher\":{\"@id\":\"https:\/\/akademie.annour.co\/#organization\"},\"alternateName\":\"Nour Akademie\",\"potentialAction\":[{\"@type\":\"SearchAction\",\"target\":{\"@type\":\"EntryPoint\",\"urlTemplate\":\"https:\/\/akademie.annour.co\/?s={search_term_string}\"},\"query-input\":{\"@type\":\"PropertyValueSpecification\",\"valueRequired\":true,\"valueName\":\"search_term_string\"}}],\"inLanguage\":\"tr\"},{\"@type\":\"Organization\",\"@id\":\"https:\/\/akademie.annour.co\/#organization\",\"name\":\"Nour Islam Akademie\",\"alternateName\":\"Nour Akademie\",\"url\":\"https:\/\/akademie.annour.co\/\",\"logo\":{\"@type\":\"ImageObject\",\"inLanguage\":\"tr\",\"@id\":\"https:\/\/akademie.annour.co\/#\/schema\/logo\/image\/\",\"url\":\"https:\/\/akademie.annour.co\/wp-content\/uploads\/2026\/02\/Nalain-Nour-Logo-web-scaled.png\",\"contentUrl\":\"https:\/\/akademie.annour.co\/wp-content\/uploads\/2026\/02\/Nalain-Nour-Logo-web-scaled.png\",\"width\":2560,\"height\":2560,\"caption\":\"Nour Islam Akademie\"},\"image\":{\"@id\":\"https:\/\/akademie.annour.co\/#\/schema\/logo\/image\/\"},\"sameAs\":[\"https:\/\/www.youtube.com\/c\/NourCommunity\",\"https:\/\/www.instagram.com\/nourcommunity\/\",\"https:\/\/discord.com\/invite\/nour\"]}]}<\/script>\n<!-- \/ Yoast SEO plugin. -->","yoast_head_json":{"title":"K\u00fcnye - Nur \u0130slam Akademisi","robots":{"index":"index","follow":"follow","max-snippet":"max-snippet:-1","max-image-preview":"max-image-preview:large","max-video-preview":"max-video-preview:-1"},"canonical":"https:\/\/akademie.annour.co\/tr\/impressum\/","og_locale":"tr_TR","og_type":"article","og_title":"Impressum - Nour Islam Akademie","og_description":"Impressum\u00a0 gem\u00e4\u00df \u00a7 5 DDG\u00a0 \u00a0 Verantwortlicher:\u00a0 Mohanned Ayub\u00a0 Nour Islam Akademie\u00a0 Kruppstra\u00dfe 76\u00a0 42113 Wuppertal\u00a0 Deutschland\u00a0 Kleinunternehmer gem\u00e4\u00df \u00a7 19 UStG\u00a0 Mail: info@annour.co\u00a0 WhatsApp: +49 1512 8962120\u202c\u00a0 Erreichbar Mo-Fr von 9:00-18:00 Uhr\u00a0 \u00a0 Urheberrecht\u00a0 Die durch die Seitenbetreiber erstellten Inhalte und Werke auf diesen Seiten unterliegen dem urheberrechtlichen Schutz. Urheber der Webseitentexte im SinneImpressum","og_url":"https:\/\/akademie.annour.co\/tr\/impressum\/","og_site_name":"Nour Islam Akademie","article_modified_time":"2025-01-19T20:59:30+00:00","og_image":[{"width":2560,"height":2560,"url":"https:\/\/akademie.annour.co\/wp-content\/uploads\/2026\/02\/Nalain-Nour-Logo-web-scaled.png","type":"image\/png"}],"twitter_card":"summary_large_image","twitter_misc":{"Tahmini okuma s\u00fcresi":"2 dakika"},"schema":{"@context":"https:\/\/schema.org","@graph":[{"@type":"WebPage","@id":"https:\/\/akademie.annour.co\/impressum\/","url":"https:\/\/akademie.annour.co\/impressum\/","name":"K\u00fcnye - Nur \u0130slam Akademisi","isPartOf":{"@id":"https:\/\/akademie.annour.co\/#website"},"datePublished":"2025-01-19T20:57:32+00:00","dateModified":"2025-01-19T20:59:30+00:00","breadcrumb":{"@id":"https:\/\/akademie.annour.co\/impressum\/#breadcrumb"},"inLanguage":"tr","potentialAction":[{"@type":"ReadAction","target":["https:\/\/akademie.annour.co\/impressum\/"]}]},{"@type":"BreadcrumbList","@id":"https:\/\/akademie.annour.co\/impressum\/#breadcrumb","itemListElement":[{"@type":"ListItem","position":1,"name":"Startseite","item":"https:\/\/akademie.annour.co\/"},{"@type":"ListItem","position":2,"name":"Impressum"}]},{"@type":"WebSite","@id":"https:\/\/akademie.annour.co\/#website","url":"https:\/\/akademie.annour.co\/","name":"Nour \u0130slam Akademisi","description":"Otantik \u0130slami bilgi","publisher":{"@id":"https:\/\/akademie.annour.co\/#organization"},"alternateName":"Nour Akademie","potentialAction":[{"@type":"SearchAction","target":{"@type":"EntryPoint","urlTemplate":"https:\/\/akademie.annour.co\/?s={search_term_string}"},"query-input":{"@type":"PropertyValueSpecification","valueRequired":true,"valueName":"search_term_string"}}],"inLanguage":"tr"},{"@type":"Organization","@id":"https:\/\/akademie.annour.co\/#organization","name":"Nour \u0130slam Akademisi","alternateName":"Nour Akademie","url":"https:\/\/akademie.annour.co\/","logo":{"@type":"ImageObject","inLanguage":"tr","@id":"https:\/\/akademie.annour.co\/#\/schema\/logo\/image\/","url":"https:\/\/akademie.annour.co\/wp-content\/uploads\/2026\/02\/Nalain-Nour-Logo-web-scaled.png","contentUrl":"https:\/\/akademie.annour.co\/wp-content\/uploads\/2026\/02\/Nalain-Nour-Logo-web-scaled.png","width":2560,"height":2560,"caption":"Nour Islam Akademie"},"image":{"@id":"https:\/\/akademie.annour.co\/#\/schema\/logo\/image\/"},"sameAs":["https:\/\/www.youtube.com\/c\/NourCommunity","https:\/\/www.instagram.com\/nourcommunity\/","https:\/\/discord.com\/invite\/nour"]}]}},"jetpack_sharing_enabled":true,"_links":{"self":[{"href":"https:\/\/akademie.annour.co\/tr\/wp-json\/wp\/v2\/pages\/58743","targetHints":{"allow":["GET"]}}],"collection":[{"href":"https:\/\/akademie.annour.co\/tr\/wp-json\/wp\/v2\/pages"}],"about":[{"href":"https:\/\/akademie.annour.co\/tr\/wp-json\/wp\/v2\/types\/page"}],"author":[{"embeddable":true,"href":"https:\/\/akademie.annour.co\/tr\/wp-json\/wp\/v2\/users\/425"}],"replies":[{"embeddable":true,"href":"https:\/\/akademie.annour.co\/tr\/wp-json\/wp\/v2\/comments?post=58743"}],"version-history":[{"count":0,"href":"https:\/\/akademie.annour.co\/tr\/wp-json\/wp\/v2\/pages\/58743\/revisions"}],"wp:attachment":[{"href":"https:\/\/akademie.annour.co\/tr\/wp-json\/wp\/v2\/media?parent=58743"}],"curies":[{"name":"wp","href":"https:\/\/api.w.org\/{rel}","templated":true}]}}