{"id":58743,"date":"2025-01-19T21:57:32","date_gmt":"2025-01-19T20:57:32","guid":{"rendered":"https:\/\/akademie.annour.co\/?page_id=58743"},"modified":"2025-01-19T21:59:30","modified_gmt":"2025-01-19T20:59:30","slug":"impressum","status":"publish","type":"page","link":"https:\/\/akademie.annour.co\/fr\/impressum\/","title":{"rendered":"Mentions l\u00e9gales"},"content":{"rendered":"<div data-elementor-type=\"wp-page\" data-elementor-id=\"58743\" class=\"elementor elementor-58743\" data-elementor-post-type=\"page\">\n\t\t\t\t<div class=\"elementor-element elementor-element-a00ab53 e-flex e-con-boxed e-con e-parent\" data-id=\"a00ab53\" data-element_type=\"container\" data-e-type=\"container\">\n\t\t\t\t\t<div class=\"e-con-inner\">\n\t\t\t\t<div class=\"elementor-element elementor-element-2bf8737 elementor-widget elementor-widget-text-editor\" data-id=\"2bf8737\" data-element_type=\"widget\" data-e-type=\"widget\" data-widget_type=\"text-editor.default\">\n\t\t\t\t<div class=\"elementor-widget-container\">\n\t\t\t\t\t\t\t\t\t<p><b><span data-contrast=\"auto\">Mentions l\u00e9gales<\/span><\/b><span data-ccp-props=\"{&quot;201341983&quot;:0,&quot;335559739&quot;:0,&quot;335559740&quot;:240}\">\u00a0<\/span><\/p><p><span data-contrast=\"auto\">conform\u00e9ment au \u00a7 5 DDG<\/span><span data-ccp-props=\"{&quot;201341983&quot;:0,&quot;335559739&quot;:0,&quot;335559740&quot;:240}\">\u00a0<\/span><\/p><p>\u00a0<\/p><p><b><span data-contrast=\"auto\">Responsable :<\/span><\/b><span data-ccp-props=\"{&quot;201341983&quot;:0,&quot;335559739&quot;:0,&quot;335559740&quot;:240}\">\u00a0<\/span><\/p><p><span data-contrast=\"auto\">Mohanned Ayub<\/span><span data-ccp-props=\"{&quot;201341983&quot;:0,&quot;335559739&quot;:0,&quot;335559740&quot;:240}\">\u00a0<\/span><\/p><p><span data-contrast=\"auto\">Nour Islam Akademie<\/span><span data-ccp-props=\"{&quot;201341983&quot;:0,&quot;335559739&quot;:0,&quot;335559740&quot;:240}\">\u00a0<\/span><\/p><p><span data-contrast=\"auto\">76, rue Krupp<\/span><span data-ccp-props=\"{&quot;201341983&quot;:0,&quot;335559739&quot;:0,&quot;335559740&quot;:240}\">\u00a0<\/span><\/p><p><span data-contrast=\"auto\">42113 Wuppertal<\/span><span data-ccp-props=\"{&quot;201341983&quot;:0,&quot;335559739&quot;:0,&quot;335559740&quot;:240}\">\u00a0<\/span><\/p><p><span data-contrast=\"auto\">Allemagne<\/span><span data-ccp-props=\"{&quot;201341983&quot;:0,&quot;335559739&quot;:0,&quot;335559740&quot;:240}\">\u00a0<\/span><\/p><p><span data-contrast=\"auto\">Petites entreprises conform\u00e9ment au \u00a7 19 de la loi sur la TVA<\/span><span data-ccp-props=\"{&quot;201341983&quot;:0,&quot;335559739&quot;:0,&quot;335559740&quot;:240}\">\u00a0<\/span><\/p><p><span data-contrast=\"auto\">Courrier \u00e9lectronique : <\/span><a href=\"mailto:info@annour.co\"><span data-contrast=\"none\">info@annour.co<\/span><\/a><span data-ccp-props=\"{&quot;201341983&quot;:0,&quot;335559739&quot;:0,&quot;335559740&quot;:240}\">\u00a0<\/span><\/p><p><span data-contrast=\"auto\">WhatsApp : +49 1512 8962120<\/span><span data-ccp-props=\"{&quot;201341983&quot;:0,&quot;335559739&quot;:0,&quot;335559740&quot;:240}\">\u00a0<\/span><\/p><p><span data-contrast=\"auto\">Joignable du lundi au vendredi de 9h00 \u00e0 18h00<\/span><span data-ccp-props=\"{&quot;201341983&quot;:0,&quot;335559739&quot;:0,&quot;335559740&quot;:240}\">\u00a0<\/span><\/p><p><span data-ccp-props=\"{&quot;201341983&quot;:0,&quot;335559739&quot;:0,&quot;335559740&quot;:240}\">\u00a0<\/span><\/p><p><b><span data-contrast=\"auto\">Droit d'auteur<\/span><\/b><span data-ccp-props=\"{&quot;201341983&quot;:0,&quot;335559739&quot;:0,&quot;335559740&quot;:240}\">\u00a0<\/span><\/p><p><span data-contrast=\"auto\">Les contenus et les \u0153uvres cr\u00e9\u00e9s par les exploitants de ces pages sont soumis \u00e0 la protection des droits d'auteur. L'auteur des textes du site web au sens du \u00a7 7 UrhG est Mohanned Ayub.<\/span><span data-ccp-props=\"{&quot;201341983&quot;:0,&quot;335559739&quot;:0,&quot;335559740&quot;:240}\">\u00a0<\/span><\/p><p><span data-contrast=\"auto\">La reproduction, le traitement, la diffusion et toute forme d'exploitation en dehors des limites du droit d'auteur requi\u00e8rent l'accord \u00e9crit de l'auteur concern\u00e9. Les t\u00e9l\u00e9chargements et les copies de ce site ne sont autoris\u00e9s que pour un usage priv\u00e9 et non commercial.<\/span><span data-ccp-props=\"{&quot;201341983&quot;:0,&quot;335559739&quot;:0,&quot;335559740&quot;:240}\">\u00a0<\/span><\/p><p><span data-contrast=\"auto\">Dans la mesure o\u00f9 les contenus de ce site n'ont pas \u00e9t\u00e9 cr\u00e9\u00e9s par l'exploitant, les droits d'auteur de tiers sont respect\u00e9s. Les contenus de tiers sont notamment identifi\u00e9s comme tels. Si vous deviez n\u00e9anmoins constater une violation des droits d'auteur, nous vous prions de nous en informer. D\u00e8s la prise de connaissance d'une violation de la loi, nous supprimerons imm\u00e9diatement les contenus concern\u00e9s.<\/span><span data-ccp-props=\"{&quot;201341983&quot;:0,&quot;335559739&quot;:0,&quot;335559740&quot;:240}\">\u00a0<\/span><\/p><p><span data-ccp-props=\"{&quot;201341983&quot;:0,&quot;335559739&quot;:0,&quot;335559740&quot;:240}\">\u00a0<\/span><\/p><p><b><span data-contrast=\"auto\">Clause de non-responsabilit\u00e9 (Disclaimer)<\/span><\/b><span data-ccp-props=\"{&quot;201341983&quot;:0,&quot;335559739&quot;:0,&quot;335559740&quot;:240}\">\u00a0<\/span><\/p><p><span data-contrast=\"auto\">Le contenu de nos pages a \u00e9t\u00e9 \u00e9labor\u00e9 avec le plus grand soin. Nous ne pouvons toutefois pas garantir l'exactitude, l'exhaustivit\u00e9 et l'actualit\u00e9 des contenus. En tant que fournisseur de t\u00e9l\u00e9m\u00e9dias, nous sommes responsables, conform\u00e9ment aux \u00a7\u00a7 21 ff. TDDDG, nous sommes responsables de nos propres contenus sur ces pages conform\u00e9ment aux lois g\u00e9n\u00e9rales. Selon la nouvelle TDDDG, nous ne sommes toutefois pas tenus, en tant que fournisseur de t\u00e9l\u00e9m\u00e9dias, de surveiller les informations externes transmises ou enregistr\u00e9es ou de rechercher des circonstances indiquant une activit\u00e9 ill\u00e9gale. Si de tels faits devaient n\u00e9anmoins \u00eatre port\u00e9s \u00e0 notre connaissance, nous supprimerions imm\u00e9diatement les contenus correspondants.<\/span><span data-ccp-props=\"{&quot;201341983&quot;:0,&quot;335559739&quot;:0,&quot;335559740&quot;:240}\">\u00a0<\/span><\/p><p><span data-ccp-props=\"{&quot;201341983&quot;:0,&quot;335559739&quot;:0,&quot;335559740&quot;:240}\">\u00a0<\/span><\/p><p><b><span data-contrast=\"auto\">Responsabilit\u00e9 pour les liens<\/span><\/b><span data-ccp-props=\"{&quot;201341983&quot;:0,&quot;335559739&quot;:0,&quot;335559740&quot;:240}\">\u00a0<\/span><\/p><p><span data-contrast=\"auto\">Notre offre contient des liens vers des sites web externes de tiers, sur le contenu desquels nous n'avons aucune influence. C'est pourquoi nous ne pouvons pas non plus nous porter garants de ces contenus externes. Le fournisseur ou l'exploitant des pages li\u00e9es est toujours responsable de leur contenu.<\/span><span data-ccp-props=\"{&quot;201341983&quot;:0,&quot;335559739&quot;:0,&quot;335559740&quot;:240}\">\u00a0<\/span><\/p><p><span data-contrast=\"auto\">Les pages li\u00e9es ont \u00e9t\u00e9 contr\u00f4l\u00e9es au moment de la mise en place des liens afin de v\u00e9rifier qu'elles n'enfreignaient pas la loi. Aucun contenu ill\u00e9gal n'a \u00e9t\u00e9 identifi\u00e9 au moment de la cr\u00e9ation des liens. Un contr\u00f4le permanent du contenu des pages li\u00e9es n'est cependant pas exigible sans indices concrets d'une violation de la loi. Si nous prenons connaissance d'une violation de la loi, nous supprimerons imm\u00e9diatement les liens concern\u00e9s.<\/span><span data-ccp-props=\"{&quot;201341983&quot;:0,&quot;335559739&quot;:0,&quot;335559740&quot;:240}\">\u00a0<\/span><\/p><p><span data-ccp-props=\"{&quot;201341983&quot;:0,&quot;335559739&quot;:0,&quot;335559740&quot;:240}\">\u00a0<\/span><\/p><p><b><span data-contrast=\"auto\">Remarque sur la proc\u00e9dure de r\u00e8glement des litiges conform\u00e9ment \u00e0 la loi sur le r\u00e8glement des litiges de consommation (VSBG)<\/span><\/b><span data-ccp-props=\"{&quot;201341983&quot;:0,&quot;335559739&quot;:0,&quot;335559740&quot;:240}\">\u00a0<\/span><\/p><p><span data-contrast=\"auto\">Plate-forme de la Commission europ\u00e9enne pour le r\u00e8glement en ligne des litiges :<\/span><a href=\"https:\/\/ec.europa.eu\/consumers\/odr\"><span data-contrast=\"none\">https:\/\/ec.europa.eu\/consumers\/odr<\/span><\/a><span data-contrast=\"auto\">.\u00a0<\/span><span data-ccp-props=\"{&quot;201341983&quot;:0,&quot;335559739&quot;:0,&quot;335559740&quot;:240}\">\u00a0<\/span><\/p><p><span data-contrast=\"auto\">Nous ne sommes ni oblig\u00e9s ni dispos\u00e9s \u00e0 participer \u00e0 une proc\u00e9dure de r\u00e8glement des litiges devant un organisme de conciliation des consommateurs.<\/span><span data-ccp-props=\"{&quot;201341983&quot;:0,&quot;335559739&quot;:0,&quot;335559740&quot;:240}\">\u00a0<\/span><\/p>\t\t\t\t\t\t\t\t<\/div>\n\t\t\t\t<\/div>\n\t\t\t\t\t<\/div>\n\t\t\t\t<\/div>\n\t\t\t\t<\/div>","protected":false},"excerpt":{"rendered":"<p>Impressum\u00a0 gem\u00e4\u00df \u00a7 5 DDG\u00a0 \u00a0 Verantwortlicher:\u00a0 Mohanned Ayub\u00a0 Nour Islam Akademie\u00a0 Kruppstra\u00dfe 76\u00a0 42113 Wuppertal\u00a0 Deutschland\u00a0 Kleinunternehmer gem\u00e4\u00df \u00a7 19 UStG\u00a0 Mail: info@annour.co\u00a0 WhatsApp: +49 1512 8962120\u202c\u00a0 Erreichbar Mo-Fr von 9:00-18:00 Uhr\u00a0 \u00a0 Urheberrecht\u00a0 Die durch die Seitenbetreiber erstellten Inhalte und Werke auf diesen Seiten unterliegen dem urheberrechtlichen Schutz. Urheber der Webseitentexte im Sinne<a href=\"https:\/\/akademie.annour.co\/fr\/impressum\/\" class=\"more-link\"><span class=\"screen-reader-text\">Mentions l\u00e9gales<\/span><\/a><\/p>","protected":false},"author":425,"featured_media":0,"parent":0,"menu_order":0,"comment_status":"closed","ping_status":"closed","template":"","meta":{"pmpro_default_level":"","footnotes":""},"class_list":["post-58743","page","type-page","status-publish","hentry","pmpro-has-access"],"yoast_head":"<!-- This site is optimized with the Yoast SEO plugin v27.2 - https:\/\/yoast.com\/product\/yoast-seo-wordpress\/ -->\n<title>Impressum - Nour Islam Akademie<\/title>\n<meta name=\"robots\" content=\"index, follow, max-snippet:-1, max-image-preview:large, max-video-preview:-1\" \/>\n<link rel=\"canonical\" href=\"https:\/\/akademie.annour.co\/fr\/impressum\/\" \/>\n<meta property=\"og:locale\" content=\"fr_FR\" \/>\n<meta property=\"og:type\" content=\"article\" \/>\n<meta property=\"og:title\" content=\"Impressum - Nour Islam Akademie\" \/>\n<meta property=\"og:description\" content=\"Impressum\u00a0 gem\u00e4\u00df \u00a7 5 DDG\u00a0 \u00a0 Verantwortlicher:\u00a0 Mohanned Ayub\u00a0 Nour Islam Akademie\u00a0 Kruppstra\u00dfe 76\u00a0 42113 Wuppertal\u00a0 Deutschland\u00a0 Kleinunternehmer gem\u00e4\u00df \u00a7 19 UStG\u00a0 Mail: info@annour.co\u00a0 WhatsApp: +49 1512 8962120\u202c\u00a0 Erreichbar Mo-Fr von 9:00-18:00 Uhr\u00a0 \u00a0 Urheberrecht\u00a0 Die durch die Seitenbetreiber erstellten Inhalte und Werke auf diesen Seiten unterliegen dem urheberrechtlichen Schutz. Urheber der Webseitentexte im SinneImpressum\" \/>\n<meta property=\"og:url\" content=\"https:\/\/akademie.annour.co\/fr\/impressum\/\" \/>\n<meta property=\"og:site_name\" content=\"Nour Islam Akademie\" \/>\n<meta property=\"article:modified_time\" content=\"2025-01-19T20:59:30+00:00\" \/>\n<meta property=\"og:image\" content=\"https:\/\/akademie.annour.co\/wp-content\/uploads\/2026\/02\/Nalain-Nour-Logo-web-scaled.png\" \/>\n\t<meta property=\"og:image:width\" content=\"2560\" \/>\n\t<meta property=\"og:image:height\" content=\"2560\" \/>\n\t<meta property=\"og:image:type\" content=\"image\/png\" \/>\n<meta name=\"twitter:card\" content=\"summary_large_image\" \/>\n<meta name=\"twitter:label1\" content=\"Dur\u00e9e de lecture estim\u00e9e\" \/>\n\t<meta name=\"twitter:data1\" content=\"2 minutes\" \/>\n<script type=\"application\/ld+json\" class=\"yoast-schema-graph\">{\"@context\":\"https:\/\/schema.org\",\"@graph\":[{\"@type\":\"WebPage\",\"@id\":\"https:\/\/akademie.annour.co\/impressum\/\",\"url\":\"https:\/\/akademie.annour.co\/impressum\/\",\"name\":\"Impressum - Nour Islam Akademie\",\"isPartOf\":{\"@id\":\"https:\/\/akademie.annour.co\/#website\"},\"datePublished\":\"2025-01-19T20:57:32+00:00\",\"dateModified\":\"2025-01-19T20:59:30+00:00\",\"breadcrumb\":{\"@id\":\"https:\/\/akademie.annour.co\/impressum\/#breadcrumb\"},\"inLanguage\":\"fr-FR\",\"potentialAction\":[{\"@type\":\"ReadAction\",\"target\":[\"https:\/\/akademie.annour.co\/impressum\/\"]}]},{\"@type\":\"BreadcrumbList\",\"@id\":\"https:\/\/akademie.annour.co\/impressum\/#breadcrumb\",\"itemListElement\":[{\"@type\":\"ListItem\",\"position\":1,\"name\":\"Startseite\",\"item\":\"https:\/\/akademie.annour.co\/\"},{\"@type\":\"ListItem\",\"position\":2,\"name\":\"Impressum\"}]},{\"@type\":\"WebSite\",\"@id\":\"https:\/\/akademie.annour.co\/#website\",\"url\":\"https:\/\/akademie.annour.co\/\",\"name\":\"Nour Islam Akademie\",\"description\":\"Authentisches islamisches Wissen\",\"publisher\":{\"@id\":\"https:\/\/akademie.annour.co\/#organization\"},\"alternateName\":\"Nour Akademie\",\"potentialAction\":[{\"@type\":\"SearchAction\",\"target\":{\"@type\":\"EntryPoint\",\"urlTemplate\":\"https:\/\/akademie.annour.co\/?s={search_term_string}\"},\"query-input\":{\"@type\":\"PropertyValueSpecification\",\"valueRequired\":true,\"valueName\":\"search_term_string\"}}],\"inLanguage\":\"fr-FR\"},{\"@type\":\"Organization\",\"@id\":\"https:\/\/akademie.annour.co\/#organization\",\"name\":\"Nour Islam Akademie\",\"alternateName\":\"Nour Akademie\",\"url\":\"https:\/\/akademie.annour.co\/\",\"logo\":{\"@type\":\"ImageObject\",\"inLanguage\":\"fr-FR\",\"@id\":\"https:\/\/akademie.annour.co\/#\/schema\/logo\/image\/\",\"url\":\"https:\/\/akademie.annour.co\/wp-content\/uploads\/2026\/02\/Nalain-Nour-Logo-web-scaled.png\",\"contentUrl\":\"https:\/\/akademie.annour.co\/wp-content\/uploads\/2026\/02\/Nalain-Nour-Logo-web-scaled.png\",\"width\":2560,\"height\":2560,\"caption\":\"Nour Islam Akademie\"},\"image\":{\"@id\":\"https:\/\/akademie.annour.co\/#\/schema\/logo\/image\/\"},\"sameAs\":[\"https:\/\/www.youtube.com\/c\/NourCommunity\",\"https:\/\/www.instagram.com\/nourcommunity\/\",\"https:\/\/discord.com\/invite\/nour\"]}]}<\/script>\n<!-- \/ Yoast SEO plugin. -->","yoast_head_json":{"title":"Mentions l\u00e9gales - Acad\u00e9mie Nour Islam","robots":{"index":"index","follow":"follow","max-snippet":"max-snippet:-1","max-image-preview":"max-image-preview:large","max-video-preview":"max-video-preview:-1"},"canonical":"https:\/\/akademie.annour.co\/fr\/impressum\/","og_locale":"fr_FR","og_type":"article","og_title":"Impressum - Nour Islam Akademie","og_description":"Impressum\u00a0 gem\u00e4\u00df \u00a7 5 DDG\u00a0 \u00a0 Verantwortlicher:\u00a0 Mohanned Ayub\u00a0 Nour Islam Akademie\u00a0 Kruppstra\u00dfe 76\u00a0 42113 Wuppertal\u00a0 Deutschland\u00a0 Kleinunternehmer gem\u00e4\u00df \u00a7 19 UStG\u00a0 Mail: info@annour.co\u00a0 WhatsApp: +49 1512 8962120\u202c\u00a0 Erreichbar Mo-Fr von 9:00-18:00 Uhr\u00a0 \u00a0 Urheberrecht\u00a0 Die durch die Seitenbetreiber erstellten Inhalte und Werke auf diesen Seiten unterliegen dem urheberrechtlichen Schutz. Urheber der Webseitentexte im SinneImpressum","og_url":"https:\/\/akademie.annour.co\/fr\/impressum\/","og_site_name":"Nour Islam Akademie","article_modified_time":"2025-01-19T20:59:30+00:00","og_image":[{"width":2560,"height":2560,"url":"https:\/\/akademie.annour.co\/wp-content\/uploads\/2026\/02\/Nalain-Nour-Logo-web-scaled.png","type":"image\/png"}],"twitter_card":"summary_large_image","twitter_misc":{"Dur\u00e9e de lecture estim\u00e9e":"2 minutes"},"schema":{"@context":"https:\/\/schema.org","@graph":[{"@type":"WebPage","@id":"https:\/\/akademie.annour.co\/impressum\/","url":"https:\/\/akademie.annour.co\/impressum\/","name":"Mentions l\u00e9gales - Acad\u00e9mie Nour Islam","isPartOf":{"@id":"https:\/\/akademie.annour.co\/#website"},"datePublished":"2025-01-19T20:57:32+00:00","dateModified":"2025-01-19T20:59:30+00:00","breadcrumb":{"@id":"https:\/\/akademie.annour.co\/impressum\/#breadcrumb"},"inLanguage":"fr-FR","potentialAction":[{"@type":"ReadAction","target":["https:\/\/akademie.annour.co\/impressum\/"]}]},{"@type":"BreadcrumbList","@id":"https:\/\/akademie.annour.co\/impressum\/#breadcrumb","itemListElement":[{"@type":"ListItem","position":1,"name":"Startseite","item":"https:\/\/akademie.annour.co\/"},{"@type":"ListItem","position":2,"name":"Impressum"}]},{"@type":"WebSite","@id":"https:\/\/akademie.annour.co\/#website","url":"https:\/\/akademie.annour.co\/","name":"Nour Islam Akademie","description":"Un savoir islamique authentique","publisher":{"@id":"https:\/\/akademie.annour.co\/#organization"},"alternateName":"Nour Akademie","potentialAction":[{"@type":"SearchAction","target":{"@type":"EntryPoint","urlTemplate":"https:\/\/akademie.annour.co\/?s={search_term_string}"},"query-input":{"@type":"PropertyValueSpecification","valueRequired":true,"valueName":"search_term_string"}}],"inLanguage":"fr-FR"},{"@type":"Organization","@id":"https:\/\/akademie.annour.co\/#organization","name":"Nour Islam Akademie","alternateName":"Nour Akademie","url":"https:\/\/akademie.annour.co\/","logo":{"@type":"ImageObject","inLanguage":"fr-FR","@id":"https:\/\/akademie.annour.co\/#\/schema\/logo\/image\/","url":"https:\/\/akademie.annour.co\/wp-content\/uploads\/2026\/02\/Nalain-Nour-Logo-web-scaled.png","contentUrl":"https:\/\/akademie.annour.co\/wp-content\/uploads\/2026\/02\/Nalain-Nour-Logo-web-scaled.png","width":2560,"height":2560,"caption":"Nour Islam Akademie"},"image":{"@id":"https:\/\/akademie.annour.co\/#\/schema\/logo\/image\/"},"sameAs":["https:\/\/www.youtube.com\/c\/NourCommunity","https:\/\/www.instagram.com\/nourcommunity\/","https:\/\/discord.com\/invite\/nour"]}]}},"jetpack_sharing_enabled":true,"_links":{"self":[{"href":"https:\/\/akademie.annour.co\/fr\/wp-json\/wp\/v2\/pages\/58743","targetHints":{"allow":["GET"]}}],"collection":[{"href":"https:\/\/akademie.annour.co\/fr\/wp-json\/wp\/v2\/pages"}],"about":[{"href":"https:\/\/akademie.annour.co\/fr\/wp-json\/wp\/v2\/types\/page"}],"author":[{"embeddable":true,"href":"https:\/\/akademie.annour.co\/fr\/wp-json\/wp\/v2\/users\/425"}],"replies":[{"embeddable":true,"href":"https:\/\/akademie.annour.co\/fr\/wp-json\/wp\/v2\/comments?post=58743"}],"version-history":[{"count":0,"href":"https:\/\/akademie.annour.co\/fr\/wp-json\/wp\/v2\/pages\/58743\/revisions"}],"wp:attachment":[{"href":"https:\/\/akademie.annour.co\/fr\/wp-json\/wp\/v2\/media?parent=58743"}],"curies":[{"name":"wp","href":"https:\/\/api.w.org\/{rel}","templated":true}]}}