{"id":58298,"date":"2024-12-10T20:02:14","date_gmt":"2024-12-10T19:02:14","guid":{"rendered":"https:\/\/akademie.annour.co\/?page_id=58298"},"modified":"2024-12-10T20:15:25","modified_gmt":"2024-12-10T19:15:25","slug":"arabischkurs-abwesenheitsformular","status":"publish","type":"page","link":"https:\/\/akademie.annour.co\/fr\/arabischkurs-abwesenheitsformular\/","title":{"rendered":"Cours d'arabe Formulaire d'absence"},"content":{"rendered":"\t\t<div data-elementor-type=\"wp-page\" data-elementor-id=\"58298\" class=\"elementor elementor-58298\" data-elementor-post-type=\"page\">\n\t\t\t\t<div class=\"elementor-element elementor-element-91801a9 e-flex e-con-boxed e-con e-parent\" data-id=\"91801a9\" data-element_type=\"container\" data-e-type=\"container\">\n\t\t\t\t\t<div class=\"e-con-inner\">\n\t\t\t\t<div class=\"elementor-element elementor-element-5641048 elementor-widget elementor-widget-heading\" data-id=\"5641048\" data-element_type=\"widget\" data-e-type=\"widget\" data-widget_type=\"heading.default\">\n\t\t\t\t<div class=\"elementor-widget-container\">\n\t\t\t\t\t<h2 class=\"elementor-heading-title elementor-size-default\">Arabischkurs | Abwesenheitsformular<\/h2>\t\t\t\t<\/div>\n\t\t\t\t<\/div>\n\t\t\t\t<div class=\"elementor-element elementor-element-6794934 elementor-widget elementor-widget-text-editor\" data-id=\"6794934\" data-element_type=\"widget\" data-e-type=\"widget\" data-widget_type=\"text-editor.default\">\n\t\t\t\t<div class=\"elementor-widget-container\">\n\t\t\t\t\t\t\t\t\t<ul><li>Unentschuldigtes Fehlen bei den Unterrichten ist nicht gestattet<\/li><li>Es ist erforderlich, sich sp\u00e4testens vor 18 Uhr des Vortags \u00fcber das untenstehende Formular abzumelden. Sp\u00e4tere Entschuldigungen sind nur bei unvorhersehbaren Ereignissen, wie z.B. schwere Erkrankung m\u00f6glich.<\/li><\/ul><p><strong>Entschuldbare Gr\u00fcnde f\u00fcr Abwesenheit sind:<\/strong><\/p><ul><li>Starke Krankheit, bei der ihr nicht zuh\u00f6ren k\u00f6nnt (bei euch selbst oder euren Kindern).<\/li><li>Arbeit (wenn ihr keine Kontrolle \u00fcber die Arbeitszeiten habt).<\/li><li>Pflichtteilnahme in der Schule oder im Studium.<\/li><li>Todesf\u00e4lle.<\/li><li>Abwesenheitserkl\u00e4rungen wie &#8222;Familienveranstaltung, &#8222;private Gr\u00fcnde&#8220; o.\u00e4. werden nicht akzeptiert. Andere Entschuldigungsgr\u00fcnde erfordern neben der fr\u00fchzeitigen Einreichung des Formulars zus\u00e4tzlich eine Erkl\u00e4rung per Mail an: <strong>Nourakademie@work.annour.co<\/strong><\/li><\/ul>\t\t\t\t\t\t\t\t<\/div>\n\t\t\t\t<\/div>\n\t\t\t\t<div class=\"elementor-element elementor-element-e463106 elementor-widget elementor-widget-shortcode\" data-id=\"e463106\" data-element_type=\"widget\" data-e-type=\"widget\" data-widget_type=\"shortcode.default\">\n\t\t\t\t<div class=\"elementor-widget-container\">\n\t\t\t\t\t\t\t<div class=\"elementor-shortcode\"><noscript class=\"ninja-forms-noscript-message\">\n\tRemarque\u00a0: JavaScript est requis pour ce contenu.<\/noscript>\n<div id=\"nf-form-9-cont\" class=\"nf-form-cont\" aria-live=\"polite\" aria-labelledby=\"nf-form-title-9\" aria-describedby=\"nf-form-errors-9\" role=\"form\">\n\n    <div class=\"nf-loading-spinner\"><\/div>\n\n<\/div>\n        <!-- That data is being printed as a workaround to page builders reordering the order of the scripts loaded-->\n        <script data-jetpack-boost=\"ignore\" data-jetpack-boost=\"ignore\">var formDisplay=1;var nfForms=nfForms||[];var form=[];form.id='9';form.settings={\"objectType\":\"Form Setting\",\"editActive\":true,\"title\":\"\",\"show_title\":1,\"allow_public_link\":0,\"public_link\":\"https:\\\/\\\/akademie.annour.co\\\/ninja-forms\\\/9pqfz\",\"embed_form\":\"\",\"clear_complete\":1,\"hide_complete\":1,\"default_label_pos\":\"above\",\"wrapper_class\":\"\",\"element_class\":\"\",\"form_title_heading_level\":\"3\",\"key\":\"\",\"add_submit\":1,\"changeEmailErrorMsg\":\"Veuillez saisir une adresse de messagerie valide. Ex\\u00a0: jean.dupont@gmail.com\",\"changeDateErrorMsg\":\"Veuillez saisir une date valide\\u00a0!\",\"confirmFieldErrorMsg\":\"Ces champs doivent correspondre\\u00a0!\",\"fieldNumberNumMinError\":\"Erreur de nombre min.\",\"fieldNumberNumMaxError\":\"Erreur de nombre max.\",\"fieldNumberIncrementBy\":\"Veuillez incr\\u00e9menter par \",\"formErrorsCorrectErrors\":\"Veuillez corriger les erreurs avant d\\u2019envoyer ce formulaire.\",\"validateRequiredField\":\"Ce champ est obligatoire.\",\"honeypotHoneypotError\":\"Erreur Honeypot\",\"fieldsMarkedRequired\":\"Les champs marqu\\u00e9s d\\u2019un <span class=\\\"ninja-forms-req-symbol\\\">*<\\\/span> sont obligatoires\",\"currency\":\"\",\"unique_field_error\":\"Ein Formular mit diesem Wert wurde bereits eingereicht.\",\"logged_in\":false,\"not_logged_in_msg\":\"\",\"sub_limit_msg\":\"Das Formular hat sein Beitragslimit erreicht.\",\"calculations\":[],\"formContentData\":[\"firstname_1733853602997\",\"lastname_1733853610092\",\"e-mail_adresse_1733853593202\",\"klasse_1733858223102\",\"abwesend_am_1733853541908\",\"grund_1733853568572\",\"absenden_1733853639552\"],\"objectDomain\":\"display\",\"drawerDisabled\":false,\"public_link_key\":\"9pqfz\",\"ninjaForms\":\"Ninja Forms\",\"fieldTextareaRTEInsertLink\":\"Ins\\u00e9rer un lien\",\"fieldTextareaRTEInsertMedia\":\"Ins\\u00e9rer un m\\u00e9dia\",\"fieldTextareaRTESelectAFile\":\"S\\u00e9lectionnez un fichier\",\"tableInsertRowAbove\":\"Insert Row Above\",\"tableInsertRowBelow\":\"Insert Row Below\",\"tableInsertColumnLeft\":\"Insert Column Left\",\"tableInsertColumnRight\":\"Insert Column Right\",\"tableDeleteRow\":\"Delete Row\",\"tableDeleteColumn\":\"Delete Column\",\"tableDeleteTable\":\"Delete Table\",\"tableLegacyNotice\":\"This content has tables in the old editor format. Custom styles are preserved until converted. Editing will update to the new format.\",\"tableLegacyConvert\":\"Convert Now\",\"tableInsertTable\":\"Insert Table\",\"dismiss\":\"Ignorer\",\"insertLink\":\"Ins\\u00e9rer un lien\",\"formHoneypot\":\"Si vous \\u00eates un \\u00eatre humain et que vous voyez ce champ, veuillez le laisser vide.\",\"fileUploadOldCodeFileUploadInProgress\":\"T\\u00e9l\\u00e9versement du fichier en cours.\",\"fileUploadOldCodeFileUpload\":\"T\\u00c9L\\u00c9VERSEMENT DE FICHIER\",\"currencySymbol\":false,\"thousands_sep\":\"\\u00a0\",\"decimal_point\":\",\",\"siteLocale\":\"fr_FR\",\"dateFormat\":\"m\\\/d\\\/Y\",\"startOfWeek\":\"1\",\"of\":\"sur\",\"previousMonth\":\"Mois pr\\u00e9c\\u00e9dent\",\"nextMonth\":\"Mois suivant\",\"months\":[\"Janvier\",\"F\\u00e9vrier\",\"Mars\",\"Avril\",\"Mai\",\"Juin\",\"Juillet\",\"Ao\\u00fbt\",\"Septembre\",\"Octobre\",\"Novembre\",\"D\\u00e9cembre\"],\"monthsShort\":[\"Jan\",\"F\\u00e9v\",\"Mar\",\"Avr\",\"Mai\",\"Juin\",\"Juil\",\"Ao\\u00fb\",\"Sep\",\"Oct\",\"Nov\",\"D\\u00e9c\"],\"weekdays\":[\"Dimanche\",\"Lundi\",\"Mardi\",\"Mercredi\",\"Jeudi\",\"Vendredi\",\"Samedi\"],\"weekdaysShort\":[\"Dim\",\"Lun\",\"Mar\",\"Mer\",\"Jeu\",\"Ven\",\"Sam\"],\"weekdaysMin\":[\"Di\",\"Lu\",\"Ma\",\"Me\",\"Je\",\"Ve\",\"Sa\"],\"recaptchaConsentMissing\":\"reCaptcha validation couldn&#039;t load.\",\"recaptchaMissingCookie\":\"reCaptcha v3 validation couldn&#039;t load the cookie needed to submit the form.\",\"recaptchaConsentEvent\":\"Accept reCaptcha cookies before sending the form.\",\"currency_symbol\":\"\",\"beforeForm\":\"\",\"beforeFields\":\"\",\"afterFields\":\"\",\"afterForm\":\"\"};form.fields=[{\"objectType\":\"Field\",\"objectDomain\":\"fields\",\"editActive\":false,\"order\":1,\"idAttribute\":\"id\",\"type\":\"firstname\",\"label\":\"Vorname\",\"key\":\"firstname_1733853602997\",\"label_pos\":\"above\",\"required\":1,\"default\":\"\",\"placeholder\":\"\",\"container_class\":\"\",\"element_class\":\"\",\"admin_label\":\"\",\"help_text\":\"\",\"custom_name_attribute\":\"fname\",\"personally_identifiable\":1,\"value\":\"\",\"drawerDisabled\":false,\"id\":110,\"beforeField\":\"\",\"afterField\":\"\",\"parentType\":\"firstname\",\"element_templates\":[\"firstname\",\"input\"],\"old_classname\":\"\",\"wrap_template\":\"wrap\"},{\"objectType\":\"Field\",\"objectDomain\":\"fields\",\"editActive\":false,\"order\":2,\"idAttribute\":\"id\",\"type\":\"lastname\",\"label\":\"Nachname\",\"key\":\"lastname_1733853610092\",\"label_pos\":\"above\",\"required\":1,\"default\":\"\",\"placeholder\":\"\",\"container_class\":\"\",\"element_class\":\"\",\"admin_label\":\"\",\"help_text\":\"\",\"custom_name_attribute\":\"lname\",\"personally_identifiable\":1,\"value\":\"\",\"drawerDisabled\":false,\"id\":111,\"beforeField\":\"\",\"afterField\":\"\",\"parentType\":\"lastname\",\"element_templates\":[\"lastname\",\"input\"],\"old_classname\":\"\",\"wrap_template\":\"wrap\"},{\"objectType\":\"Field\",\"objectDomain\":\"fields\",\"editActive\":false,\"order\":3,\"idAttribute\":\"id\",\"type\":\"email\",\"label\":\"E-Mail Adresse\",\"key\":\"e-mail_adresse_1733853593202\",\"label_pos\":\"above\",\"required\":1,\"default\":\"\",\"placeholder\":\"\",\"container_class\":\"\",\"element_class\":\"\",\"admin_label\":\"\",\"help_text\":\"\",\"custom_name_attribute\":\"email\",\"personally_identifiable\":1,\"value\":\"\",\"drawerDisabled\":false,\"id\":112,\"beforeField\":\"\",\"afterField\":\"\",\"parentType\":\"email\",\"element_templates\":[\"email\",\"input\"],\"old_classname\":\"\",\"wrap_template\":\"wrap\"},{\"objectType\":\"Field\",\"objectDomain\":\"fields\",\"editActive\":false,\"order\":4,\"idAttribute\":\"id\",\"type\":\"listradio\",\"label\":\"Klasse\",\"key\":\"klasse_1733858223102\",\"label_pos\":\"above\",\"required\":1,\"options\":[{\"errors\":[],\"max_options\":0,\"label\":\"AK1 - Anf\\u00e4nger\",\"value\":\"ak1-anfaenger\",\"calc\":\"\",\"selected\":0,\"order\":0,\"settingModel\":{\"settings\":false,\"hide_merge_tags\":false,\"error\":false,\"name\":\"options\",\"type\":\"option-repeater\",\"label\":\"Optionen <a href=\\\"#\\\" class=\\\"nf-add-new\\\">Erstellen<\\\/a> <a href=\\\"#\\\" class=\\\"extra nf-open-import-tooltip\\\"><i class=\\\"fa fa-sign-in\\\" aria-hidden=\\\"true\\\"><\\\/i> Importieren<\\\/a>\",\"width\":\"full\",\"group\":\"\",\"value\":[{\"label\":\"Eins\",\"value\":\"eins\",\"calc\":\"\",\"selected\":0,\"order\":0},{\"label\":\"Zwei\",\"value\":\"zwei\",\"calc\":\"\",\"selected\":0,\"order\":1},{\"label\":\"Drei\",\"value\":\"drei\",\"calc\":\"\",\"selected\":0,\"order\":2}],\"columns\":{\"label\":{\"header\":\"Beschriftung\",\"default\":\"\"},\"value\":{\"header\":\"Wert\",\"default\":\"\"},\"calc\":{\"header\":\"Berechneter Wert\",\"default\":\"\"},\"selected\":{\"header\":\"<span class=\\\"dashicons dashicons-yes\\\"><\\\/span>\",\"default\":0}}}},{\"errors\":[],\"max_options\":0,\"label\":\"AK2 - Fortgeschrittene\",\"value\":\"ak2-fortgeschrittene\",\"calc\":\"\",\"selected\":0,\"order\":1,\"settingModel\":{\"settings\":false,\"hide_merge_tags\":false,\"error\":false,\"name\":\"options\",\"type\":\"option-repeater\",\"label\":\"Optionen <a href=\\\"#\\\" class=\\\"nf-add-new\\\">Erstellen<\\\/a> <a href=\\\"#\\\" class=\\\"extra nf-open-import-tooltip\\\"><i class=\\\"fa fa-sign-in\\\" aria-hidden=\\\"true\\\"><\\\/i> Importieren<\\\/a>\",\"width\":\"full\",\"group\":\"\",\"value\":[{\"label\":\"Eins\",\"value\":\"eins\",\"calc\":\"\",\"selected\":0,\"order\":0},{\"label\":\"Zwei\",\"value\":\"zwei\",\"calc\":\"\",\"selected\":0,\"order\":1},{\"label\":\"Drei\",\"value\":\"drei\",\"calc\":\"\",\"selected\":0,\"order\":2}],\"columns\":{\"label\":{\"header\":\"Beschriftung\",\"default\":\"\"},\"value\":{\"header\":\"Wert\",\"default\":\"\"},\"calc\":{\"header\":\"Berechneter Wert\",\"default\":\"\"},\"selected\":{\"header\":\"<span class=\\\"dashicons dashicons-yes\\\"><\\\/span>\",\"default\":0}}}}],\"container_class\":\"\",\"element_class\":\"\",\"admin_label\":\"\",\"help_text\":\"\",\"drawerDisabled\":false,\"id\":115,\"beforeField\":\"\",\"afterField\":\"\",\"value\":\"\",\"parentType\":\"list\",\"element_templates\":[\"listradio\",\"input\"],\"old_classname\":\"list-radio\",\"wrap_template\":\"wrap\"},{\"objectType\":\"Field\",\"objectDomain\":\"fields\",\"editActive\":false,\"order\":5,\"idAttribute\":\"id\",\"type\":\"date\",\"label\":\"Abwesend am:\",\"key\":\"abwesend_am_1733853541908\",\"label_pos\":\"above\",\"required\":1,\"placeholder\":\"\",\"container_class\":\"\",\"element_class\":\"\",\"manual_key\":false,\"admin_label\":\"\",\"help_text\":\"\",\"date_mode\":\"date_only\",\"date_default\":0,\"date_format\":\"DD\\\/MM\\\/YYYY\",\"year_range_start\":\"\",\"year_range_end\":\"\",\"hours_24\":0,\"minute_increment\":5,\"drawerDisabled\":false,\"id\":113,\"beforeField\":\"\",\"afterField\":\"\",\"value\":\"\",\"parentType\":\"date\",\"element_templates\":[\"date\",\"textbox\",\"input\"],\"old_classname\":\"\",\"wrap_template\":\"wrap\"},{\"objectType\":\"Field\",\"objectDomain\":\"fields\",\"editActive\":false,\"order\":6,\"idAttribute\":\"id\",\"type\":\"textarea\",\"label\":\"Grund\",\"key\":\"grund_1733853568572\",\"label_pos\":\"above\",\"required\":1,\"default\":\"\",\"placeholder\":\"\",\"container_class\":\"\",\"element_class\":\"\",\"input_limit\":\"\",\"input_limit_type\":\"characters\",\"input_limit_msg\":\"verbleibende(s) Zeichen\",\"manual_key\":false,\"admin_label\":\"\",\"help_text\":\"\",\"textarea_rte\":\"\",\"disable_rte_mobile\":\"\",\"textarea_media\":\"\",\"value\":\"\",\"drawerDisabled\":false,\"id\":114,\"beforeField\":\"\",\"afterField\":\"\",\"parentType\":\"textarea\",\"element_templates\":[\"textarea\",\"input\"],\"old_classname\":\"\",\"wrap_template\":\"wrap\"},{\"objectType\":\"Field\",\"objectDomain\":\"fields\",\"editActive\":false,\"order\":7,\"idAttribute\":\"id\",\"type\":\"submit\",\"label\":\"Absenden\",\"processing_label\":\"Wird verarbeitet\",\"container_class\":\"\",\"element_class\":\"\",\"key\":\"absenden_1733853639552\",\"admin_label\":\"\",\"drawerDisabled\":false,\"id\":109,\"beforeField\":\"\",\"afterField\":\"\",\"value\":\"\",\"label_pos\":\"above\",\"parentType\":\"textbox\",\"element_templates\":[\"submit\",\"button\",\"input\"],\"old_classname\":\"\",\"wrap_template\":\"wrap-no-label\"}];nfForms.push(form);<\/script>\n        <\/div>\n\t\t\t\t\t\t<\/div>\n\t\t\t\t<\/div>\n\t\t\t\t\t<\/div>\n\t\t\t\t<\/div>\n\t\t\t\t<\/div>\n\t\t","protected":false},"excerpt":{"rendered":"<p>Arabischkurs | Abwesenheitsformular Unentschuldigtes Fehlen bei den Unterrichten ist nicht gestattet Es ist erforderlich, sich sp\u00e4testens vor 18 Uhr des Vortags \u00fcber das untenstehende Formular abzumelden. Sp\u00e4tere Entschuldigungen sind nur bei unvorhersehbaren Ereignissen, wie z.B. schwere Erkrankung m\u00f6glich. Entschuldbare Gr\u00fcnde f\u00fcr Abwesenheit sind: Starke Krankheit, bei der ihr nicht zuh\u00f6ren k\u00f6nnt (bei euch selbst oder<a href=\"https:\/\/akademie.annour.co\/fr\/arabischkurs-abwesenheitsformular\/\" class=\"more-link\"><span class=\"screen-reader-text\">Cours d'arabe Formulaire d'absence<\/span><\/a><\/p>","protected":false},"author":1,"featured_media":0,"parent":0,"menu_order":0,"comment_status":"closed","ping_status":"closed","template":"","meta":{"pmpro_default_level":"","footnotes":""},"class_list":["post-58298","page","type-page","status-publish","hentry","pmpro-has-access"],"yoast_head":"<!-- This site is optimized with the Yoast SEO plugin v27.5 - https:\/\/yoast.com\/product\/yoast-seo-wordpress\/ -->\n<title>Arabischkurs Abwesenheitsformular - Nour Islam Akademie<\/title>\n<meta name=\"robots\" content=\"index, follow, max-snippet:-1, max-image-preview:large, max-video-preview:-1\" \/>\n<link rel=\"canonical\" href=\"https:\/\/akademie.annour.co\/fr\/arabischkurs-abwesenheitsformular\/\" \/>\n<meta property=\"og:locale\" content=\"fr_FR\" \/>\n<meta property=\"og:type\" content=\"article\" \/>\n<meta property=\"og:title\" content=\"Arabischkurs Abwesenheitsformular - Nour Islam Akademie\" \/>\n<meta property=\"og:description\" content=\"Arabischkurs | Abwesenheitsformular Unentschuldigtes Fehlen bei den Unterrichten ist nicht gestattet Es ist erforderlich, sich sp\u00e4testens vor 18 Uhr des Vortags \u00fcber das untenstehende Formular abzumelden. Sp\u00e4tere Entschuldigungen sind nur bei unvorhersehbaren Ereignissen, wie z.B. schwere Erkrankung m\u00f6glich. Entschuldbare Gr\u00fcnde f\u00fcr Abwesenheit sind: Starke Krankheit, bei der ihr nicht zuh\u00f6ren k\u00f6nnt (bei euch selbst oderArabischkurs Abwesenheitsformular\" \/>\n<meta property=\"og:url\" content=\"https:\/\/akademie.annour.co\/fr\/arabischkurs-abwesenheitsformular\/\" \/>\n<meta property=\"og:site_name\" content=\"Nour Islam Akademie\" \/>\n<meta property=\"article:modified_time\" content=\"2024-12-10T19:15:25+00:00\" \/>\n<meta property=\"og:image\" content=\"https:\/\/akademie.annour.co\/wp-content\/uploads\/2026\/02\/Nalain-Nour-Logo-web-scaled.png\" \/>\n\t<meta property=\"og:image:width\" content=\"2560\" \/>\n\t<meta property=\"og:image:height\" content=\"2560\" \/>\n\t<meta property=\"og:image:type\" content=\"image\/png\" \/>\n<meta name=\"twitter:card\" content=\"summary_large_image\" \/>\n<meta name=\"twitter:label1\" content=\"Dur\u00e9e de lecture estim\u00e9e\" \/>\n\t<meta name=\"twitter:data1\" content=\"1 minute\" \/>\n<script type=\"application\/ld+json\" class=\"yoast-schema-graph\">{\"@context\":\"https:\\\/\\\/schema.org\",\"@graph\":[{\"@type\":\"WebPage\",\"@id\":\"https:\\\/\\\/akademie.annour.co\\\/arabischkurs-abwesenheitsformular\\\/\",\"url\":\"https:\\\/\\\/akademie.annour.co\\\/arabischkurs-abwesenheitsformular\\\/\",\"name\":\"Arabischkurs Abwesenheitsformular - Nour Islam Akademie\",\"isPartOf\":{\"@id\":\"https:\\\/\\\/akademie.annour.co\\\/#website\"},\"datePublished\":\"2024-12-10T19:02:14+00:00\",\"dateModified\":\"2024-12-10T19:15:25+00:00\",\"breadcrumb\":{\"@id\":\"https:\\\/\\\/akademie.annour.co\\\/arabischkurs-abwesenheitsformular\\\/#breadcrumb\"},\"inLanguage\":\"fr-FR\",\"potentialAction\":[{\"@type\":\"ReadAction\",\"target\":[\"https:\\\/\\\/akademie.annour.co\\\/arabischkurs-abwesenheitsformular\\\/\"]}]},{\"@type\":\"BreadcrumbList\",\"@id\":\"https:\\\/\\\/akademie.annour.co\\\/arabischkurs-abwesenheitsformular\\\/#breadcrumb\",\"itemListElement\":[{\"@type\":\"ListItem\",\"position\":1,\"name\":\"Startseite\",\"item\":\"https:\\\/\\\/akademie.annour.co\\\/\"},{\"@type\":\"ListItem\",\"position\":2,\"name\":\"Arabischkurs Abwesenheitsformular\"}]},{\"@type\":\"WebSite\",\"@id\":\"https:\\\/\\\/akademie.annour.co\\\/#website\",\"url\":\"https:\\\/\\\/akademie.annour.co\\\/\",\"name\":\"Nour Islam Akademie\",\"description\":\"Authentisches islamisches Wissen\",\"publisher\":{\"@id\":\"https:\\\/\\\/akademie.annour.co\\\/#organization\"},\"alternateName\":\"Nour Akademie\",\"potentialAction\":[{\"@type\":\"SearchAction\",\"target\":{\"@type\":\"EntryPoint\",\"urlTemplate\":\"https:\\\/\\\/akademie.annour.co\\\/?s={search_term_string}\"},\"query-input\":{\"@type\":\"PropertyValueSpecification\",\"valueRequired\":true,\"valueName\":\"search_term_string\"}}],\"inLanguage\":\"fr-FR\"},{\"@type\":\"Organization\",\"@id\":\"https:\\\/\\\/akademie.annour.co\\\/#organization\",\"name\":\"Nour Islam Akademie\",\"alternateName\":\"Nour Akademie\",\"url\":\"https:\\\/\\\/akademie.annour.co\\\/\",\"logo\":{\"@type\":\"ImageObject\",\"inLanguage\":\"fr-FR\",\"@id\":\"https:\\\/\\\/akademie.annour.co\\\/#\\\/schema\\\/logo\\\/image\\\/\",\"url\":\"https:\\\/\\\/akademie.annour.co\\\/wp-content\\\/uploads\\\/2026\\\/02\\\/Nalain-Nour-Logo-web-scaled.png\",\"contentUrl\":\"https:\\\/\\\/akademie.annour.co\\\/wp-content\\\/uploads\\\/2026\\\/02\\\/Nalain-Nour-Logo-web-scaled.png\",\"width\":2560,\"height\":2560,\"caption\":\"Nour Islam Akademie\"},\"image\":{\"@id\":\"https:\\\/\\\/akademie.annour.co\\\/#\\\/schema\\\/logo\\\/image\\\/\"},\"sameAs\":[\"https:\\\/\\\/www.youtube.com\\\/c\\\/NourCommunity\",\"https:\\\/\\\/www.instagram.com\\\/nourcommunity\\\/\",\"https:\\\/\\\/discord.com\\\/invite\\\/nour\"]}]}<\/script>\n<!-- \/ Yoast SEO plugin. -->","yoast_head_json":{"title":"Cours d'arabe formulaire d'absence - Acad\u00e9mie Nour Islam","robots":{"index":"index","follow":"follow","max-snippet":"max-snippet:-1","max-image-preview":"max-image-preview:large","max-video-preview":"max-video-preview:-1"},"canonical":"https:\/\/akademie.annour.co\/fr\/arabischkurs-abwesenheitsformular\/","og_locale":"fr_FR","og_type":"article","og_title":"Arabischkurs Abwesenheitsformular - Nour Islam Akademie","og_description":"Arabischkurs | Abwesenheitsformular Unentschuldigtes Fehlen bei den Unterrichten ist nicht gestattet Es ist erforderlich, sich sp\u00e4testens vor 18 Uhr des Vortags \u00fcber das untenstehende Formular abzumelden. Sp\u00e4tere Entschuldigungen sind nur bei unvorhersehbaren Ereignissen, wie z.B. schwere Erkrankung m\u00f6glich. Entschuldbare Gr\u00fcnde f\u00fcr Abwesenheit sind: Starke Krankheit, bei der ihr nicht zuh\u00f6ren k\u00f6nnt (bei euch selbst oderArabischkurs Abwesenheitsformular","og_url":"https:\/\/akademie.annour.co\/fr\/arabischkurs-abwesenheitsformular\/","og_site_name":"Nour Islam Akademie","article_modified_time":"2024-12-10T19:15:25+00:00","og_image":[{"width":2560,"height":2560,"url":"https:\/\/akademie.annour.co\/wp-content\/uploads\/2026\/02\/Nalain-Nour-Logo-web-scaled.png","type":"image\/png"}],"twitter_card":"summary_large_image","twitter_misc":{"Dur\u00e9e de lecture estim\u00e9e":"1 minute"},"schema":{"@context":"https:\/\/schema.org","@graph":[{"@type":"WebPage","@id":"https:\/\/akademie.annour.co\/arabischkurs-abwesenheitsformular\/","url":"https:\/\/akademie.annour.co\/arabischkurs-abwesenheitsformular\/","name":"Cours d'arabe formulaire d'absence - Acad\u00e9mie Nour Islam","isPartOf":{"@id":"https:\/\/akademie.annour.co\/#website"},"datePublished":"2024-12-10T19:02:14+00:00","dateModified":"2024-12-10T19:15:25+00:00","breadcrumb":{"@id":"https:\/\/akademie.annour.co\/arabischkurs-abwesenheitsformular\/#breadcrumb"},"inLanguage":"fr-FR","potentialAction":[{"@type":"ReadAction","target":["https:\/\/akademie.annour.co\/arabischkurs-abwesenheitsformular\/"]}]},{"@type":"BreadcrumbList","@id":"https:\/\/akademie.annour.co\/arabischkurs-abwesenheitsformular\/#breadcrumb","itemListElement":[{"@type":"ListItem","position":1,"name":"Startseite","item":"https:\/\/akademie.annour.co\/"},{"@type":"ListItem","position":2,"name":"Arabischkurs Abwesenheitsformular"}]},{"@type":"WebSite","@id":"https:\/\/akademie.annour.co\/#website","url":"https:\/\/akademie.annour.co\/","name":"Nour Islam Akademie","description":"Un savoir islamique authentique","publisher":{"@id":"https:\/\/akademie.annour.co\/#organization"},"alternateName":"Nour Akademie","potentialAction":[{"@type":"SearchAction","target":{"@type":"EntryPoint","urlTemplate":"https:\/\/akademie.annour.co\/?s={search_term_string}"},"query-input":{"@type":"PropertyValueSpecification","valueRequired":true,"valueName":"search_term_string"}}],"inLanguage":"fr-FR"},{"@type":"Organization","@id":"https:\/\/akademie.annour.co\/#organization","name":"Nour Islam Akademie","alternateName":"Nour Akademie","url":"https:\/\/akademie.annour.co\/","logo":{"@type":"ImageObject","inLanguage":"fr-FR","@id":"https:\/\/akademie.annour.co\/#\/schema\/logo\/image\/","url":"https:\/\/akademie.annour.co\/wp-content\/uploads\/2026\/02\/Nalain-Nour-Logo-web-scaled.png","contentUrl":"https:\/\/akademie.annour.co\/wp-content\/uploads\/2026\/02\/Nalain-Nour-Logo-web-scaled.png","width":2560,"height":2560,"caption":"Nour Islam Akademie"},"image":{"@id":"https:\/\/akademie.annour.co\/#\/schema\/logo\/image\/"},"sameAs":["https:\/\/www.youtube.com\/c\/NourCommunity","https:\/\/www.instagram.com\/nourcommunity\/","https:\/\/discord.com\/invite\/nour"]}]}},"jetpack_sharing_enabled":true,"_links":{"self":[{"href":"https:\/\/akademie.annour.co\/fr\/wp-json\/wp\/v2\/pages\/58298","targetHints":{"allow":["GET"]}}],"collection":[{"href":"https:\/\/akademie.annour.co\/fr\/wp-json\/wp\/v2\/pages"}],"about":[{"href":"https:\/\/akademie.annour.co\/fr\/wp-json\/wp\/v2\/types\/page"}],"author":[{"embeddable":true,"href":"https:\/\/akademie.annour.co\/fr\/wp-json\/wp\/v2\/users\/1"}],"replies":[{"embeddable":true,"href":"https:\/\/akademie.annour.co\/fr\/wp-json\/wp\/v2\/comments?post=58298"}],"version-history":[{"count":0,"href":"https:\/\/akademie.annour.co\/fr\/wp-json\/wp\/v2\/pages\/58298\/revisions"}],"wp:attachment":[{"href":"https:\/\/akademie.annour.co\/fr\/wp-json\/wp\/v2\/media?parent=58298"}],"curies":[{"name":"wp","href":"https:\/\/api.w.org\/{rel}","templated":true}]}}